{"id":145,"date":"2025-01-08T20:43:53","date_gmt":"2025-01-08T20:43:53","guid":{"rendered":"https:\/\/experienciaseditoriales.com\/tienda\/?post_type=product&#038;p=145"},"modified":"2025-01-27T23:59:09","modified_gmt":"2025-01-27T23:59:09","slug":"ene-o-01","status":"publish","type":"product","link":"https:\/\/experienciaseditoriales.com\/tienda\/producto\/ene-o-01\/","title":{"rendered":"ene o 01"},"content":{"rendered":"<p>#1 Introducci\u00f3n al dise\u00f1o. Portada de Iv\u00e1n W. Jim\u00e9nez<\/p>\n<p>&nbsp;<\/p>\n<p>El n\u00famero 1 tiene una ligera mancha de humedad, lo que le da car\u00e1cter de ser un art\u00edculo especial.<\/p>\n","protected":false},"excerpt":{"rendered":"<p>#1 Introducci\u00f3n al dise\u00f1o. Portada de Iv\u00e1n W. Jim\u00e9nez &nbsp; El n\u00famero 1 tiene una ligera mancha de humedad, lo que le da car\u00e1cter de ser un art\u00edculo especial.<\/p>\n","protected":false},"featured_media":122,"comment_status":"open","ping_status":"closed","template":"","meta":[],"product_brand":[],"product_cat":[21],"product_tag":[],"class_list":{"0":"post-145","1":"product","2":"type-product","3":"status-publish","4":"has-post-thumbnail","6":"product_cat-revistas","8":"first","9":"instock","10":"shipping-taxable","11":"purchasable","12":"product-type-simple"},"jetpack_sharing_enabled":true,"_links":{"self":[{"href":"https:\/\/experienciaseditoriales.com\/tienda\/wp-json\/wp\/v2\/product\/145","targetHints":{"allow":["GET"]}}],"collection":[{"href":"https:\/\/experienciaseditoriales.com\/tienda\/wp-json\/wp\/v2\/product"}],"about":[{"href":"https:\/\/experienciaseditoriales.com\/tienda\/wp-json\/wp\/v2\/types\/product"}],"replies":[{"embeddable":true,"href":"https:\/\/experienciaseditoriales.com\/tienda\/wp-json\/wp\/v2\/comments?post=145"}],"wp:featuredmedia":[{"embeddable":true,"href":"https:\/\/experienciaseditoriales.com\/tienda\/wp-json\/wp\/v2\/media\/122"}],"wp:attachment":[{"href":"https:\/\/experienciaseditoriales.com\/tienda\/wp-json\/wp\/v2\/media?parent=145"}],"wp:term":[{"taxonomy":"product_brand","embeddable":true,"href":"https:\/\/experienciaseditoriales.com\/tienda\/wp-json\/wp\/v2\/product_brand?post=145"},{"taxonomy":"product_cat","embeddable":true,"href":"https:\/\/experienciaseditoriales.com\/tienda\/wp-json\/wp\/v2\/product_cat?post=145"},{"taxonomy":"product_tag","embeddable":true,"href":"https:\/\/experienciaseditoriales.com\/tienda\/wp-json\/wp\/v2\/product_tag?post=145"}],"curies":[{"name":"wp","href":"https:\/\/api.w.org\/{rel}","templated":true}]}}